{"id":4981,"date":"2020-01-17T14:35:37","date_gmt":"2020-01-17T14:35:37","guid":{"rendered":"http:\/\/www.eventeditora.com.br\/best\/?page_id=4981"},"modified":"2025-03-06T15:04:31","modified_gmt":"2025-03-06T18:04:31","slug":"designers-2","status":"publish","type":"page","link":"https:\/\/eventeditora.com.br\/best\/designers-2\/","title":{"rendered":"DESIGNERS"},"content":{"rendered":"<h6><strong>Confira quem s\u00e3o os respons\u00e1veis pelo layout dos espa\u00e7os exibidos no Anu\u00e1rio HOME THEATER BEST, que trabalham em sintonia com os integradores.<\/strong><\/h6>\n<p><em>ALENCAR ARQUITETURA \u00a0(47) 3041-0009<\/em><\/p>\n<p><em>ARQUITETARE \u00a0(41) 3013-5521<\/em><\/p>\n<p><em>FLAVIA MELLO\u00a0 (12) 98810-6010<\/em><\/p>\n<p><em>JAYME BERNARDO\u00a0 (41) 3342-3650<\/em><\/p>\n<p><em>JULIO TORENI \u00a0(21) 97586-4775<\/em><\/p>\n<p><em>MARCELA MARCHEZINI (13) 99727-5939<\/em><\/p>\n<p><em>MARCUS NOVAIS ARQUITETURA \u00a0(85) 3272-1450<\/em><\/p>\n<p><em>PADOVANI ARQUITETOS (19)3044-5599<\/em><\/p>\n<p><em>SELMA DE S\u00c1 \u00a0(11) 99187-6167<\/em><\/p>\n<p><em>SPA\u00c7O INTERIOR ARQUITETURA \u00a0(11) 5044-1393<\/em><\/p>\n<p><em>STUDIO44 \u00a0(31) 99194-1166<\/em><\/p>\n<p><em>V\u00c2NIA DUARTE (82)98829-5044<\/em><\/p>\n","protected":false},"excerpt":{"rendered":"<p>Confira quem s\u00e3o os respons\u00e1veis pelo layout dos espa\u00e7os exibidos no Anu\u00e1rio HOME THEATER BEST, que trabalham em sintonia com os integradores. ALENCAR ARQUITETURA \u00a0(47) 3041-0009 ARQUITETARE \u00a0(41) 3013-5521 FLAVIA MELLO\u00a0 (12) 98810-6010 JAYME BERNARDO\u00a0 (41) 3342-3650 JULIO TORENI \u00a0(21) 97586-4775 MARCELA MARCHEZINI (13) 99727-5939 MARCUS NOVAIS ARQUITETURA \u00a0(85) 3272-1450 PADOVANI ARQUITETOS (19)3044-5599 SELMA DE [&hellip;]<\/p>\n","protected":false},"author":1,"featured_media":0,"parent":0,"menu_order":0,"comment_status":"closed","ping_status":"closed","template":"","meta":{"footnotes":""},"class_list":["post-4981","page","type-page","status-publish","hentry"],"_links":{"self":[{"href":"https:\/\/eventeditora.com.br\/best\/wp-json\/wp\/v2\/pages\/4981","targetHints":{"allow":["GET"]}}],"collection":[{"href":"https:\/\/eventeditora.com.br\/best\/wp-json\/wp\/v2\/pages"}],"about":[{"href":"https:\/\/eventeditora.com.br\/best\/wp-json\/wp\/v2\/types\/page"}],"author":[{"embeddable":true,"href":"https:\/\/eventeditora.com.br\/best\/wp-json\/wp\/v2\/users\/1"}],"replies":[{"embeddable":true,"href":"https:\/\/eventeditora.com.br\/best\/wp-json\/wp\/v2\/comments?post=4981"}],"version-history":[{"count":64,"href":"https:\/\/eventeditora.com.br\/best\/wp-json\/wp\/v2\/pages\/4981\/revisions"}],"predecessor-version":[{"id":6817,"href":"https:\/\/eventeditora.com.br\/best\/wp-json\/wp\/v2\/pages\/4981\/revisions\/6817"}],"wp:attachment":[{"href":"https:\/\/eventeditora.com.br\/best\/wp-json\/wp\/v2\/media?parent=4981"}],"curies":[{"name":"wp","href":"https:\/\/api.w.org\/{rel}","templated":true}]}}