{"id":3395,"date":"2017-02-01T12:56:05","date_gmt":"2017-02-01T12:56:05","guid":{"rendered":"http:\/\/www.eventeditora.com.br\/best\/?page_id=3395"},"modified":"2021-12-15T16:24:52","modified_gmt":"2021-12-15T19:24:52","slug":"imagens-2","status":"publish","type":"page","link":"https:\/\/eventeditora.com.br\/best\/imagens-2\/","title":{"rendered":"AMBIENTES"},"content":{"rendered":"<p>Algumas imagens dos projetos publicados na edi\u00e7\u00e3o 2019:<\/p>\n<p style=\"text-align: center;\"><a href=\"http:\/\/arteemcinema.com.br\/\"><strong>ARTE EM CINEMA<\/strong><\/a><\/p>\nThe gallery was not found!\n<p style=\"text-align: center;\"><a href=\"http:\/\/audioexcellence.com.br\/\"><strong>AUDIO EXCELLENCE<\/strong><\/a><\/p>\nThe gallery was not found!\n<p style=\"text-align: center;\"><a href=\"http:\/\/www.automi.com.br\/\"><strong>AUTOMI<\/strong><\/a><\/p>\nThe gallery was not found!\n<p style=\"text-align: center;\"><a href=\"http:\/\/www.espacointerativo.com.br\/\"><strong>ESPA\u00c7O INTERATIVO<\/strong><\/a><\/p>\nThe gallery was not found!\n<p style=\"text-align: center;\"><a href=\"https:\/\/www.euroaudio.com.br\/\"><strong>EURO \u00c1UDIO<\/strong><\/a><\/p>\nThe gallery was not found!\n<p style=\"text-align: center;\"><a href=\"http:\/\/www.g3fantoni.com.br\/\"><strong>G3 FANTONI<\/strong><\/a><\/p>\nThe gallery was not found!\n<p style=\"text-align: center;\"><a href=\"https:\/\/www.facebook.com\/pages\/category\/Movie-Theater\/GR-Exxxperience-Group-1395288920592810\/\"><strong>GR Exxxperience Group<\/strong><\/a><\/p>\nThe gallery was not found!\n<p style=\"text-align: center;\"><a href=\"https:\/\/www.habitatautomacao.com\/\"><strong>Habitat Automa\u00e7\u00e3o<\/strong><\/a><\/p>\nThe gallery was not found!\n<p style=\"text-align: center;\"><a href=\"http:\/\/hificlub.com.br\/loja\/\"><strong>HIFICLUB<\/strong><\/a><\/p>\nThe gallery was not found!\n<p style=\"text-align: center;\"><a href=\"https:\/\/www.htecmultimidia.com.br\/\"><strong>HTEC<\/strong><\/a><\/p>\nThe gallery was not found!\n<p style=\"text-align: center;\"><a href=\"https:\/\/www.importsbr.com.br\/\"><strong>IMPORTSBR<\/strong><\/a><\/p>\nThe gallery was not found!\n<p style=\"text-align: center;\"><a href=\"http:\/\/www.mpaudio.com.br\/\"><strong>MP \u00c1udio<\/strong><\/a><\/p>\nThe gallery was not found!\n<p style=\"text-align: center;\"><a href=\"http:\/\/www.nipponstudios.com.br\/\"><strong>Nippon<\/strong><\/a><\/p>\nThe gallery was not found!\n<p style=\"text-align: center;\"><a href=\"http:\/\/www.studioqprojects.com.br\/\"><strong>Studio Automa\u00e7\u00e3o<\/strong><\/a><\/p>\nThe gallery was not found!\n<p style=\"text-align: center;\"><a href=\"http:\/\/tripestudio.net.br\/bem-vindo\/\"><strong>Trip\u00e9<\/strong><\/a><\/p>\nThe gallery was not found!\n<p>&nbsp;<\/p>\n","protected":false},"excerpt":{"rendered":"<p>Algumas imagens dos projetos publicados na edi\u00e7\u00e3o 2019: ARTE EM CINEMA AUDIO EXCELLENCE AUTOMI ESPA\u00c7O INTERATIVO EURO \u00c1UDIO G3 FANTONI GR Exxxperience Group Habitat Automa\u00e7\u00e3o HIFICLUB HTEC IMPORTSBR MP \u00c1udio Nippon Studio Automa\u00e7\u00e3o Trip\u00e9 &nbsp;<\/p>\n","protected":false},"author":1,"featured_media":0,"parent":0,"menu_order":0,"comment_status":"closed","ping_status":"closed","template":"","meta":{"footnotes":""},"class_list":["post-3395","page","type-page","status-publish","hentry"],"_links":{"self":[{"href":"https:\/\/eventeditora.com.br\/best\/wp-json\/wp\/v2\/pages\/3395","targetHints":{"allow":["GET"]}}],"collection":[{"href":"https:\/\/eventeditora.com.br\/best\/wp-json\/wp\/v2\/pages"}],"about":[{"href":"https:\/\/eventeditora.com.br\/best\/wp-json\/wp\/v2\/types\/page"}],"author":[{"embeddable":true,"href":"https:\/\/eventeditora.com.br\/best\/wp-json\/wp\/v2\/users\/1"}],"replies":[{"embeddable":true,"href":"https:\/\/eventeditora.com.br\/best\/wp-json\/wp\/v2\/comments?post=3395"}],"version-history":[{"count":1,"href":"https:\/\/eventeditora.com.br\/best\/wp-json\/wp\/v2\/pages\/3395\/revisions"}],"predecessor-version":[{"id":6252,"href":"https:\/\/eventeditora.com.br\/best\/wp-json\/wp\/v2\/pages\/3395\/revisions\/6252"}],"wp:attachment":[{"href":"https:\/\/eventeditora.com.br\/best\/wp-json\/wp\/v2\/media?parent=3395"}],"curies":[{"name":"wp","href":"https:\/\/api.w.org\/{rel}","templated":true}]}}